{"id":25904,"date":"2023-01-10T12:14:43","date_gmt":"2023-01-10T12:14:43","guid":{"rendered":"https:\/\/wordpress.zozothemes.com\/igual\/testimonials-copy\/"},"modified":"2024-08-14T09:22:52","modified_gmt":"2024-08-14T09:22:52","slug":"testimonial","status":"publish","type":"page","link":"https:\/\/www.nationaldisabilityexperts.com\/es\/testimonial\/","title":{"rendered":"Testimonios"},"content":{"rendered":"\t\t<div data-elementor-type=\"wp-page\" data-elementor-id=\"25904\" class=\"elementor elementor-25904\">\n\t\t\t\t<div class=\"elementor-element elementor-element-d15e78e e-flex e-con-boxed e-con e-parent\" data-id=\"d15e78e\" data-element_type=\"container\">\n\t\t\t\t\t<div class=\"e-con-inner\">\n\t\t\t\t<div class=\"elementor-element elementor-element-fd7e1a9 animated-fast cea-mobile-align-left cea-separator-type-normal elementor-invisible elementor-widget elementor-widget-ceasectiontitle\" data-id=\"fd7e1a9\" data-element_type=\"widget\" data-settings=\"{&quot;_animation&quot;:&quot;fadeInUp&quot;}\" data-widget_type=\"ceasectiontitle.default\">\n\t\t\t\t<div class=\"elementor-widget-container\">\n\t\t\t<div class=\"section-title-wrapper\"><div class=\"title-wrap\"><div class=\"sub-title\"><span class=\"subtitle-dots\">Qu\u00e9 dice la gente de nosotros<\/span><\/div><h2 class=\"section-title\">Testimonios<\/h2><div class=\"elementor-divider\"><span class=\"elementor-divider-separator\"><\/span><\/div><\/div><!-- .title-wrap --><div class=\"section-description\"><\/div><!-- .section-description --><\/div><!-- .section-title-wrapper -->\t\t<\/div>\n\t\t\t\t<\/div>\n\t\t\t\t<div class=\"elementor-element elementor-element-d93396c elementor-invisible elementor-widget elementor-widget-ceatestimonial\" data-id=\"d93396c\" data-element_type=\"widget\" data-settings=\"{&quot;_animation&quot;:&quot;fadeInUp&quot;}\" data-widget_type=\"ceatestimonial.default\">\n\t\t\t\t\n\t\t<div class=\"elementor-widget-container testimonial-wrapper testimonial-style-list testimonial-light testimonial-normal-model\">\n\t\t\n\t\t\t<div class=\"row\"><div class=\"col-lg-12 col-md-12\" ><div class=\"testimonial-inner\"><div class=\"media\"><div class=\"media-body\"><div class=\"post-excerpt\"><p>Recomiendo ampliamente a Hanson y Fisher. Ya me lo hab\u00edan negado en la primera audiencia y tambi\u00e9n me lo hab\u00edan negado en la reconsideraci\u00f3n cuando mi abogado se jubil\u00f3 (una firma diferente a la de Hanson y Fisher). Me sent\u00eda bastante derrotado hasta que habl\u00e9 con Robert Fisher. Robert es astuto y notablemente. Sabe qu\u00e9 buscar en un sentido legal (la ley), pero tambi\u00e9n es incre\u00edblemente perspicaz en lo que se debe hacer procesalmente con la ley y en su don de gentes, y eso marca la diferencia en el mundo. Con la ayuda de Robert, finalmente obtuve mi discapacidad en la segunda audiencia. \u00a1No puedo agradecerle lo suficiente!<\/p>\n<\/div><!-- .post-excerpt --><h4 class=\"post-title-head\"><a href=\"https:\/\/www.nationaldisabilityexperts.com\/es\/testimonial\/c\/\" class=\"client-name post-title\">C<\/a><\/h4><div class=\"top-meta clearfix\"><ul class=\"nav top-meta-list meta-left\"><li><div class=\"testimonial-rating\"><p><i class=\"fa fa-star\"><\/i><i class=\"fa fa-star\"><\/i><i class=\"fa fa-star\"><\/i><i class=\"fa fa-star\"><\/i><i class=\"fa fa-star\"><\/i><\/p><\/div><!-- .testimonial-rating --><\/li><\/ul><\/div><\/div><!-- .media --><\/div><!-- .media-body --><\/div><!-- .testimonial-inner --><\/div><!-- .col \/ .owl-carousel-item \/ .isotope --><\/div><!-- .row --><div class=\"row\"><div class=\"col-lg-12 col-md-12\" ><div class=\"testimonial-inner\"><div class=\"media\"><div class=\"media-body\"><div class=\"post-excerpt\"><p>El Sr. Fisher y su personal han sido de gran ayuda con mi caso. Cuando nadie m\u00e1s mir\u00f3 dos veces mi caso, el Sr. Fisher se tom\u00f3 el tiempo para investigarlo y pudo ver que no estaba desesperado por ayuda, sino que era alguien que realmente la necesitaba. Ha hecho lo que tantos otros abogados dijeron que nunca suceder\u00eda. No puedo expresar con palabras cu\u00e1nto aprecio su ayuda.<\/p>\n<\/div><!-- .post-excerpt --><h4 class=\"post-title-head\"><a href=\"https:\/\/www.nationaldisabilityexperts.com\/es\/testimonial\/m-a\/\" class=\"client-name post-title\">M.A<\/a><\/h4><div class=\"top-meta clearfix\"><ul class=\"nav top-meta-list meta-left\"><li><div class=\"testimonial-rating\"><p><i class=\"fa fa-star\"><\/i><i class=\"fa fa-star\"><\/i><i class=\"fa fa-star\"><\/i><i class=\"fa fa-star\"><\/i><i class=\"fa fa-star\"><\/i><\/p><\/div><!-- .testimonial-rating --><\/li><\/ul><\/div><\/div><!-- .media --><\/div><!-- .media-body --><\/div><!-- .testimonial-inner --><\/div><!-- .col \/ .owl-carousel-item \/ .isotope --><\/div><!-- .row --><div class=\"row\"><div class=\"col-lg-12 col-md-12\" ><div class=\"testimonial-inner\"><div class=\"media\"><div class=\"media-body\"><div class=\"post-excerpt\"><p>Gracias al Sr. Rob Fischer y su agradable personal de Hanson &amp; Fisher Law Office. Desde el primer d\u00eda que habl\u00e9 con ellos desde la consulta, hasta la informaci\u00f3n que necesitaban de m\u00ed y el papeleo que tom\u00f3 un tiempo, no fueron m\u00e1s que profesionales. La oficina le devolver\u00e1 la llamada de inmediato para intentar responder sus preguntas como puedan. Me llamaron para recordarme citas m\u00e9dicas que eran necesarias con el seguro social para acreditar el caso de incapacidad. Durante todo este tiempo, alrededor de 14 meses, hab\u00eda estado pasando por un momento m\u00e9dico muy emocional en mi, vida con cuatro cirug\u00edas en el pie que llevaron a una amputaci\u00f3n parcial en dos partes, eso fue muy estresante. Pero el personal del Sr. Fisher lo facilit\u00f3 durante el largo per\u00edodo de espera, ya sea por tel\u00e9fono o en persona. Rosa, una asistente legal, volvi\u00f3 a llamar varias veces respondiendo cualquier pregunta que tuviera. Ella consult\u00f3 con la oficina de seguridad social tan pronto como lo solicit\u00e9, no hab\u00eda escuchado nada en m\u00e1s de un a\u00f1o. Volvi\u00f3 a llamar al d\u00eda siguiente con la buena noticia de que mi caso finalmente fue aprobado. \u00a1Muchas gracias!<\/p>\n<\/div><!-- .post-excerpt --><h4 class=\"post-title-head\"><a href=\"https:\/\/www.nationaldisabilityexperts.com\/es\/testimonial\/k\/\" class=\"client-name post-title\">K<\/a><\/h4><div class=\"top-meta clearfix\"><ul class=\"nav top-meta-list meta-left\"><li><div class=\"testimonial-rating\"><p><i class=\"fa fa-star\"><\/i><i class=\"fa fa-star\"><\/i><i class=\"fa fa-star\"><\/i><i class=\"fa fa-star\"><\/i><i class=\"fa fa-star\"><\/i><\/p><\/div><!-- .testimonial-rating --><\/li><\/ul><\/div><\/div><!-- .media --><\/div><!-- .media-body --><\/div><!-- .testimonial-inner --><\/div><!-- .col \/ .owl-carousel-item \/ .isotope --><\/div><!-- .row --><div class=\"row\"><div class=\"col-lg-12 col-md-12\" ><div class=\"testimonial-inner\"><div class=\"media\"><div class=\"media-body\"><div class=\"post-excerpt\"><p>No puedo decir lo suficiente sobre el abogado Rob Fisher. Mi esposo luch\u00f3 por la incapacidad del seguro social durante a\u00f1os hasta que tuvo que acudir al Tribunal Federal y fue entonces cuando la firma en la que trabajaba mi esposo recomend\u00f3 al abogado Rob Fisher. \u00a1Agradecemos a nuestra estrella de la suerte que Rob haya sido recomendado! \u00a1Fue fant\u00e1stico cuando mi marido y yo est\u00e1bamos tan frustrados con el sistema! \u00a1Rob siempre fue muy alentador y nos dijo que aguant\u00e1ramos! \u00a1Finalmente, gracias a la experiencia de Rob, a mi marido se le concedi\u00f3 la incapacidad del seguro social! \u00a1Hab\u00edamos estado con la otra firma durante m\u00e1s de 5 a\u00f1os durante el proceso y nos alegramos mucho cuando recomendaron a Rob de Hanson Y Fisher! \u00a1Ambos deseamos que Rob hubiera sido su abogado durante todo el proceso porque tenemos la sensaci\u00f3n de que mi esposo habr\u00eda obtenido su incapacidad del seguro social m\u00e1s r\u00e1pido y m\u00e1s f\u00e1cilmente y no habr\u00eda tenido que acudir a un tribunal federal para obtenerla! \u00a1Gracias Rob por todo! \u00a1Nunca lo olvidaremos a usted ni a su personal de Hanson and Fisher y todo lo que hizo por nosotros!<\/p>\n<\/div><!-- .post-excerpt --><h4 class=\"post-title-head\"><a href=\"https:\/\/www.nationaldisabilityexperts.com\/es\/testimonial\/m-w\/\" class=\"client-name post-title\">M.W<\/a><\/h4><div class=\"top-meta clearfix\"><ul class=\"nav top-meta-list meta-left\"><li><div class=\"testimonial-rating\"><p><i class=\"fa fa-star\"><\/i><i class=\"fa fa-star\"><\/i><i class=\"fa fa-star\"><\/i><i class=\"fa fa-star\"><\/i><i class=\"fa fa-star\"><\/i><\/p><\/div><!-- .testimonial-rating --><\/li><\/ul><\/div><\/div><!-- .media --><\/div><!-- .media-body --><\/div><!-- .testimonial-inner --><\/div><!-- .col \/ .owl-carousel-item \/ .isotope --><\/div><!-- .row --><div class=\"row\"><div class=\"col-lg-12 col-md-12\" ><div class=\"testimonial-inner\"><div class=\"media\"><div class=\"media-body\"><div class=\"post-excerpt\"><p>El abogado Fisher y todo su personal est\u00e1n realmente trabajando para ayudar a otros a obtener lo que necesitan con cuidado, compasi\u00f3n y paciencia, como nunca antes hab\u00eda experimentado con mi hijo. Se mantuvieron al tanto de las cosas al 100% y siempre estuvieron ah\u00ed para responder cualquier pregunta o simplemente brindar una ayuda. O\u00eddo atento para escuchar. Recomiendo ampliamente a este abogado y su equipo, definitivamente son enviados de Dios. Estar\u00e9 eternamente agradecido.<\/p>\n<\/div><!-- .post-excerpt --><h4 class=\"post-title-head\"><a href=\"https:\/\/www.nationaldisabilityexperts.com\/es\/testimonial\/l-v\/\" class=\"client-name post-title\">L.V<\/a><\/h4><div class=\"top-meta clearfix\"><ul class=\"nav top-meta-list meta-left\"><li><div class=\"testimonial-rating\"><p><i class=\"fa fa-star\"><\/i><i class=\"fa fa-star\"><\/i><i class=\"fa fa-star\"><\/i><i class=\"fa fa-star\"><\/i><i class=\"fa fa-star\"><\/i><\/p><\/div><!-- .testimonial-rating --><\/li><\/ul><\/div><\/div><!-- .media --><\/div><!-- .media-body --><\/div><!-- .testimonial-inner --><\/div><!-- .col \/ .owl-carousel-item \/ .isotope --><\/div><!-- .row --><div class=\"row\"><div class=\"col-lg-12 col-md-12\" ><div class=\"testimonial-inner\"><div class=\"media\"><div class=\"media-body\"><div class=\"post-excerpt\"><p>No podemos decir lo suficiente sobre el abogado Robert Fisher. No sab\u00edamos nada sobre los procedimientos y requisitos necesarios para presentar un reclamo por discapacidad. Por eso confiamos plenamente en \u00e9l y en su personal. Fueron minuciosos, profesionales y extremadamente conocedores y manejaron todo en cada paso del camino. \u00a1Los recomendamos ampliamente! \u00a1Son geniales en lo que hacen!<\/p>\n<\/div><!-- .post-excerpt --><h4 class=\"post-title-head\"><a href=\"https:\/\/www.nationaldisabilityexperts.com\/es\/testimonial\/g-f\/\" class=\"client-name post-title\">G.F<\/a><\/h4><div class=\"top-meta clearfix\"><ul class=\"nav top-meta-list meta-left\"><li><div class=\"testimonial-rating\"><p><i class=\"fa fa-star\"><\/i><i class=\"fa fa-star\"><\/i><i class=\"fa fa-star\"><\/i><i class=\"fa fa-star\"><\/i><i class=\"fa fa-star\"><\/i><\/p><\/div><!-- .testimonial-rating --><\/li><\/ul><\/div><\/div><!-- .media --><\/div><!-- .media-body --><\/div><!-- .testimonial-inner --><\/div><!-- .col \/ .owl-carousel-item \/ .isotope --><\/div><!-- .row -->\t\t\t\n\t\t<\/div>\n\t\t\t\t<\/div>\n\t\t\t\t\t<\/div>\n\t\t\t\t<\/div>\n\t\t\t\t<\/div>\n\t\t","protected":false},"excerpt":{"rendered":"<p>Qu\u00e9 dice la gente de nosotros Testimonios Recomiendo ampliamente a Hanson y Fisher. Ya me lo hab\u00edan negado en la primera audiencia y tambi\u00e9n me lo hab\u00edan negado en la reconsideraci\u00f3n cuando mi abogado se jubil\u00f3 (una firma diferente a la de Hanson y Fisher). Me sent\u00eda bastante derrotado hasta que habl\u00e9 con Robert Fisher. Robert es astuto y notablemente. Sabe qu\u00e9 buscar en un sentido legal (la ley), pero tambi\u00e9n es incre\u00edblemente perspicaz en lo que se debe hacer procesalmente con la ley y en su don de gentes, y eso marca la diferencia en el mundo. Con la ayuda de Robert, finalmente obtuve mi discapacidad.. C El Sr. Fisher y su personal han sido de gran ayuda con mi caso. Cuando nadie m\u00e1s mir\u00f3 dos veces mi caso, el Sr. Fisher se tom\u00f3 el tiempo para investigarlo y pudo ver que no estaba desesperado por ayuda, sino que era alguien que realmente la necesitaba. Ha hecho lo que tantos otros abogados dijeron que nunca suceder\u00eda. No puedo expresar con palabras cu\u00e1nto aprecio su ayuda. M.A Gracias al Sr. Rob Fischer y su agradable personal de Hanson &amp; Fisher Law Office. Desde el primer d\u00eda que habl\u00e9 con ellos desde la consulta, hasta la informaci\u00f3n que necesitaban de m\u00ed y el papeleo que tom\u00f3 un tiempo, no fueron m\u00e1s que profesionales. La oficina le devolver\u00e1 la llamada de inmediato para intentar responder sus preguntas como puedan. Me llamaron para recordarme citas m\u00e9dicas que eran necesarias con el seguro social para acreditar el caso de incapacidad. Durante todo este tiempo, alrededor de 14 meses, hab\u00eda estado pasando por un momento m\u00e9dico muy emocional en mi vida con.. K No puedo decir lo suficiente sobre el abogado Rob Fisher. Mi esposo luch\u00f3 por la incapacidad del seguro social durante a\u00f1os hasta que tuvo que acudir al Tribunal Federal y fue entonces cuando la firma en la que trabajaba mi esposo recomend\u00f3 al abogado Rob Fisher. \u00a1Agradecemos a nuestra estrella de la suerte que Rob haya sido recomendado! \u00a1Fue fant\u00e1stico cuando mi marido y yo est\u00e1bamos tan frustrados con el sistema! \u00a1Rob siempre fue muy alentador y nos dijo que aguant\u00e1ramos! \u00a1Finalmente, gracias a la experiencia de Rob, a mi marido se le concedi\u00f3 la incapacidad del seguro social! \u00a1Hab\u00edamos.. M.W El abogado Fisher y todo su personal est\u00e1n realmente trabajando para ayudar a otros a obtener lo que necesitan con cuidado, compasi\u00f3n y paciencia como nunca antes hab\u00eda experimentado con mi hijo. Se mantuvieron al tanto de las cosas al 100% y siempre estuvieron ah\u00ed para responder cualquier pregunta o simplemente brindar una ayuda. o\u00eddo atento para escuchar. Recomiendo ampliamente a este abogado y su equipo, definitivamente son enviados de Dios. Estar\u00e9 eternamente agradecido. L.V No podemos decir lo suficiente sobre el abogado Robert Fisher. No sab\u00edamos nada sobre los procedimientos y requisitos necesarios para presentar un reclamo por discapacidad. Por eso confiamos plenamente en \u00e9l y en su personal. Fueron minuciosos, profesionales y extremadamente conocedores y manejaron todo en cada..<\/p>\n","protected":false},"author":1,"featured_media":0,"parent":0,"menu_order":0,"comment_status":"closed","ping_status":"closed","template":"","meta":{"footnotes":""},"class_list":["post-25904","page","type-page","status-publish","hentry"],"yoast_head":"<!-- This site is optimized with the Yoast SEO plugin v23.2 - https:\/\/yoast.com\/wordpress\/plugins\/seo\/ -->\n<title>Testimonios - Historias de \u00e9xito de clientes<\/title>\n<meta name=\"description\" content=\"Lee testimonios de clientes que han asegurado con \u00e9xito beneficios por discapacidad con la ayuda de National Disability Experts. Descubre c\u00f3mo nuestro equipo dedicado ha marcado la diferencia.\" \/>\n<meta name=\"robots\" content=\"index, follow, max-snippet:-1, max-image-preview:large, max-video-preview:-1\" \/>\n<link rel=\"canonical\" href=\"https:\/\/www.nationaldisabilityexperts.com\/es\/testimonial\/\" \/>\n<meta property=\"og:locale\" content=\"en_US\" \/>\n<meta property=\"og:type\" content=\"article\" \/>\n<meta property=\"og:title\" content=\"Testimonios - Historias de \u00e9xito de clientes\" \/>\n<meta property=\"og:description\" content=\"Lee testimonios de clientes que han asegurado con \u00e9xito beneficios por discapacidad con la ayuda de National Disability Experts. Descubre c\u00f3mo nuestro equipo dedicado ha marcado la diferencia.\" \/>\n<meta property=\"og:url\" content=\"https:\/\/www.nationaldisabilityexperts.com\/es\/testimonial\/\" \/>\n<meta property=\"og:site_name\" content=\"National Disability\" \/>\n<meta property=\"article:modified_time\" content=\"2024-08-14T09:22:52+00:00\" \/>\n<meta name=\"twitter:card\" content=\"summary_large_image\" \/>\n<meta name=\"twitter:label1\" content=\"Est. reading time\" \/>\n\t<meta name=\"twitter:data1\" content=\"3 minutes\" \/>\n<script type=\"application\/ld+json\" class=\"yoast-schema-graph\">{\"@context\":\"https:\/\/schema.org\",\"@graph\":[{\"@type\":\"WebPage\",\"@id\":\"https:\/\/www.nationaldisabilityexperts.com\/es\/testimonial\/\",\"url\":\"https:\/\/www.nationaldisabilityexperts.com\/es\/testimonial\/\",\"name\":\"Testimonios - Historias de \u00e9xito de clientes\",\"isPartOf\":{\"@id\":\"https:\/\/www.nationaldisabilityexperts.com\/es\/#website\"},\"datePublished\":\"2023-01-10T12:14:43+00:00\",\"dateModified\":\"2024-08-14T09:22:52+00:00\",\"description\":\"Lee testimonios de clientes que han asegurado con \u00e9xito beneficios por discapacidad con la ayuda de National Disability Experts. Descubre c\u00f3mo nuestro equipo dedicado ha marcado la diferencia.\",\"breadcrumb\":{\"@id\":\"https:\/\/www.nationaldisabilityexperts.com\/es\/testimonial\/#breadcrumb\"},\"inLanguage\":\"en-US\",\"potentialAction\":[{\"@type\":\"ReadAction\",\"target\":[\"https:\/\/www.nationaldisabilityexperts.com\/es\/testimonial\/\"]}]},{\"@type\":\"BreadcrumbList\",\"@id\":\"https:\/\/www.nationaldisabilityexperts.com\/es\/testimonial\/#breadcrumb\",\"itemListElement\":[{\"@type\":\"ListItem\",\"position\":1,\"name\":\"Home\",\"item\":\"https:\/\/www.nationaldisabilityexperts.com\/es\/\"},{\"@type\":\"ListItem\",\"position\":2,\"name\":\"Testimonios\"}]},{\"@type\":\"WebSite\",\"@id\":\"https:\/\/www.nationaldisabilityexperts.com\/es\/#website\",\"url\":\"https:\/\/www.nationaldisabilityexperts.com\/es\/\",\"name\":\"National Disability\",\"description\":\"\",\"publisher\":{\"@id\":\"https:\/\/www.nationaldisabilityexperts.com\/es\/#organization\"},\"potentialAction\":[{\"@type\":\"SearchAction\",\"target\":{\"@type\":\"EntryPoint\",\"urlTemplate\":\"https:\/\/www.nationaldisabilityexperts.com\/es\/?s={search_term_string}\"},\"query-input\":\"required name=search_term_string\"}],\"inLanguage\":\"en-US\"},{\"@type\":\"Organization\",\"@id\":\"https:\/\/www.nationaldisabilityexperts.com\/es\/#organization\",\"name\":\"National Disability\",\"url\":\"https:\/\/www.nationaldisabilityexperts.com\/es\/\",\"logo\":{\"@type\":\"ImageObject\",\"inLanguage\":\"en-US\",\"@id\":\"https:\/\/www.nationaldisabilityexperts.com\/es\/#\/schema\/logo\/image\/\",\"url\":\"https:\/\/www.nationaldisabilityexperts.com\/es\/wp-content\/uploads\/2024\/02\/cropped-logo.png\",\"contentUrl\":\"https:\/\/www.nationaldisabilityexperts.com\/es\/wp-content\/uploads\/2024\/02\/cropped-logo.png\",\"width\":1169,\"height\":374,\"caption\":\"National Disability\"},\"image\":{\"@id\":\"https:\/\/www.nationaldisabilityexperts.com\/es\/#\/schema\/logo\/image\/\"}}]}<\/script>\n<!-- \/ Yoast SEO plugin. -->","yoast_head_json":{"title":"Testimonios - Historias de \u00e9xito de clientes","description":"Lee testimonios de clientes que han asegurado con \u00e9xito beneficios por discapacidad con la ayuda de National Disability Experts. Descubre c\u00f3mo nuestro equipo dedicado ha marcado la diferencia.","robots":{"index":"index","follow":"follow","max-snippet":"max-snippet:-1","max-image-preview":"max-image-preview:large","max-video-preview":"max-video-preview:-1"},"canonical":"https:\/\/www.nationaldisabilityexperts.com\/es\/testimonial\/","og_locale":"en_US","og_type":"article","og_title":"Testimonios - Historias de \u00e9xito de clientes","og_description":"Lee testimonios de clientes que han asegurado con \u00e9xito beneficios por discapacidad con la ayuda de National Disability Experts. Descubre c\u00f3mo nuestro equipo dedicado ha marcado la diferencia.","og_url":"https:\/\/www.nationaldisabilityexperts.com\/es\/testimonial\/","og_site_name":"National Disability","article_modified_time":"2024-08-14T09:22:52+00:00","twitter_card":"summary_large_image","twitter_misc":{"Est. reading time":"3 minutes"},"schema":{"@context":"https:\/\/schema.org","@graph":[{"@type":"WebPage","@id":"https:\/\/www.nationaldisabilityexperts.com\/es\/testimonial\/","url":"https:\/\/www.nationaldisabilityexperts.com\/es\/testimonial\/","name":"Testimonios - Historias de \u00e9xito de clientes","isPartOf":{"@id":"https:\/\/www.nationaldisabilityexperts.com\/es\/#website"},"datePublished":"2023-01-10T12:14:43+00:00","dateModified":"2024-08-14T09:22:52+00:00","description":"Lee testimonios de clientes que han asegurado con \u00e9xito beneficios por discapacidad con la ayuda de National Disability Experts. Descubre c\u00f3mo nuestro equipo dedicado ha marcado la diferencia.","breadcrumb":{"@id":"https:\/\/www.nationaldisabilityexperts.com\/es\/testimonial\/#breadcrumb"},"inLanguage":"en-US","potentialAction":[{"@type":"ReadAction","target":["https:\/\/www.nationaldisabilityexperts.com\/es\/testimonial\/"]}]},{"@type":"BreadcrumbList","@id":"https:\/\/www.nationaldisabilityexperts.com\/es\/testimonial\/#breadcrumb","itemListElement":[{"@type":"ListItem","position":1,"name":"Home","item":"https:\/\/www.nationaldisabilityexperts.com\/es\/"},{"@type":"ListItem","position":2,"name":"Testimonios"}]},{"@type":"WebSite","@id":"https:\/\/www.nationaldisabilityexperts.com\/es\/#website","url":"https:\/\/www.nationaldisabilityexperts.com\/es\/","name":"National Disability","description":"","publisher":{"@id":"https:\/\/www.nationaldisabilityexperts.com\/es\/#organization"},"potentialAction":[{"@type":"SearchAction","target":{"@type":"EntryPoint","urlTemplate":"https:\/\/www.nationaldisabilityexperts.com\/es\/?s={search_term_string}"},"query-input":"required name=search_term_string"}],"inLanguage":"en-US"},{"@type":"Organization","@id":"https:\/\/www.nationaldisabilityexperts.com\/es\/#organization","name":"National Disability","url":"https:\/\/www.nationaldisabilityexperts.com\/es\/","logo":{"@type":"ImageObject","inLanguage":"en-US","@id":"https:\/\/www.nationaldisabilityexperts.com\/es\/#\/schema\/logo\/image\/","url":"https:\/\/www.nationaldisabilityexperts.com\/es\/wp-content\/uploads\/2024\/02\/cropped-logo.png","contentUrl":"https:\/\/www.nationaldisabilityexperts.com\/es\/wp-content\/uploads\/2024\/02\/cropped-logo.png","width":1169,"height":374,"caption":"National Disability"},"image":{"@id":"https:\/\/www.nationaldisabilityexperts.com\/es\/#\/schema\/logo\/image\/"}}]}},"_links":{"self":[{"href":"https:\/\/www.nationaldisabilityexperts.com\/es\/wp-json\/wp\/v2\/pages\/25904"}],"collection":[{"href":"https:\/\/www.nationaldisabilityexperts.com\/es\/wp-json\/wp\/v2\/pages"}],"about":[{"href":"https:\/\/www.nationaldisabilityexperts.com\/es\/wp-json\/wp\/v2\/types\/page"}],"author":[{"embeddable":true,"href":"https:\/\/www.nationaldisabilityexperts.com\/es\/wp-json\/wp\/v2\/users\/1"}],"replies":[{"embeddable":true,"href":"https:\/\/www.nationaldisabilityexperts.com\/es\/wp-json\/wp\/v2\/comments?post=25904"}],"version-history":[{"count":43,"href":"https:\/\/www.nationaldisabilityexperts.com\/es\/wp-json\/wp\/v2\/pages\/25904\/revisions"}],"predecessor-version":[{"id":36511,"href":"https:\/\/www.nationaldisabilityexperts.com\/es\/wp-json\/wp\/v2\/pages\/25904\/revisions\/36511"}],"wp:attachment":[{"href":"https:\/\/www.nationaldisabilityexperts.com\/es\/wp-json\/wp\/v2\/media?parent=25904"}],"curies":[{"name":"wp","href":"https:\/\/api.w.org\/{rel}","templated":true}]}}