{"id":27967,"date":"2023-02-09T05:20:47","date_gmt":"2023-02-09T05:20:47","guid":{"rendered":"https:\/\/wordpress.zozothemes.com\/igual\/?page_id=27967"},"modified":"2024-08-13T12:22:50","modified_gmt":"2024-08-13T12:22:50","slug":"preguntas-frecuentes","status":"publish","type":"page","link":"https:\/\/www.nationaldisabilityexperts.com\/es\/preguntas-frecuentes\/","title":{"rendered":"Preguntas frecuentes"},"content":{"rendered":"\t\t<div data-elementor-type=\"wp-page\" data-elementor-id=\"27967\" class=\"elementor elementor-27967\">\n\t\t\t\t\t\t<section class=\"elementor-section elementor-top-section elementor-element elementor-element-62ab3d3 elementor-section-stretched elementor-section-boxed elementor-section-height-default elementor-section-height-default\" data-id=\"62ab3d3\" data-element_type=\"section\" data-settings=\"{&quot;stretch_section&quot;:&quot;section-stretched&quot;,&quot;background_background&quot;:&quot;classic&quot;}\">\n\t\t\t\t\t\t\t<div class=\"elementor-background-overlay\"><\/div>\n\t\t\t\t\t\t\t<div class=\"elementor-container elementor-column-gap-extended\">\n\t\t\t\t\t<div class=\"elementor-column elementor-col-100 elementor-top-column elementor-element elementor-element-8694a3a\" data-id=\"8694a3a\" data-element_type=\"column\" data-settings=\"{&quot;background_background&quot;:&quot;classic&quot;}\">\n\t\t\t<div class=\"elementor-widget-wrap elementor-element-populated\">\n\t\t\t\t\t<div class=\"elementor-background-overlay\"><\/div>\n\t\t\t\t\t\t<section class=\"elementor-section elementor-inner-section elementor-element elementor-element-6cc5aaa elementor-section-boxed elementor-section-height-default elementor-section-height-default\" data-id=\"6cc5aaa\" data-element_type=\"section\">\n\t\t\t\t\t\t<div class=\"elementor-container elementor-column-gap-default\">\n\t\t\t\t\t<div class=\"elementor-column elementor-col-33 elementor-inner-column elementor-element elementor-element-4e50d1e\" data-id=\"4e50d1e\" data-element_type=\"column\">\n\t\t\t<div class=\"elementor-widget-wrap\">\n\t\t\t\t\t\t\t<\/div>\n\t\t<\/div>\n\t\t\t\t<div class=\"elementor-column elementor-col-33 elementor-inner-column elementor-element elementor-element-2b915ee\" data-id=\"2b915ee\" data-element_type=\"column\">\n\t\t\t<div class=\"elementor-widget-wrap elementor-element-populated\">\n\t\t\t\t\t\t<div class=\"elementor-element elementor-element-09e4f8e animated-fast cea-tablet-align-center cea-mobile-align-center elementor-widget__width-initial cea-align-center cea-separator-type-normal elementor-invisible elementor-widget elementor-widget-ceasectiontitle\" data-id=\"09e4f8e\" data-element_type=\"widget\" data-settings=\"{&quot;_animation&quot;:&quot;fadeInUp&quot;}\" data-widget_type=\"ceasectiontitle.default\">\n\t\t\t\t<div class=\"elementor-widget-container\">\n\t\t\t<div class=\"section-title-wrapper\"><div class=\"title-wrap\"><div class=\"sub-title\"><span class=\"subtitle-dots\">\u00bfC\u00d3MO\u200b PODEMOS AYUDARTE?<\/span><\/div><h2 class=\"section-title\">Preguntas frecuentes sobre la incapacidad del Seguro Social<\/h2><div class=\"elementor-divider\"><span class=\"elementor-divider-separator\"><\/span><\/div><\/div><!-- .title-wrap --><div class=\"section-description\"><\/div><!-- .section-description --><\/div><!-- .section-title-wrapper -->\t\t<\/div>\n\t\t\t\t<\/div>\n\t\t\t\t\t<\/div>\n\t\t<\/div>\n\t\t\t\t<div class=\"elementor-column elementor-col-33 elementor-inner-column elementor-element elementor-element-fd9409c\" data-id=\"fd9409c\" data-element_type=\"column\">\n\t\t\t<div class=\"elementor-widget-wrap\">\n\t\t\t\t\t\t\t<\/div>\n\t\t<\/div>\n\t\t\t\t\t<\/div>\n\t\t<\/section>\n\t\t\t\t<section class=\"elementor-section elementor-inner-section elementor-element elementor-element-5835d29 elementor-section-boxed elementor-section-height-default elementor-section-height-default\" data-id=\"5835d29\" data-element_type=\"section\">\n\t\t\t\t\t\t<div class=\"elementor-container elementor-column-gap-default\">\n\t\t\t\t\t<div class=\"elementor-column elementor-col-33 elementor-inner-column elementor-element elementor-element-3916731\" data-id=\"3916731\" data-element_type=\"column\">\n\t\t\t<div class=\"elementor-widget-wrap\">\n\t\t\t\t\t\t\t<\/div>\n\t\t<\/div>\n\t\t\t\t<div class=\"elementor-column elementor-col-33 elementor-inner-column elementor-element elementor-element-e28d790\" data-id=\"e28d790\" data-element_type=\"column\">\n\t\t\t<div class=\"elementor-widget-wrap elementor-element-populated\">\n\t\t\t\t\t\t<div class=\"elementor-element elementor-element-660945f elementor-widget elementor-widget-ceaaccordion\" data-id=\"660945f\" data-element_type=\"widget\" data-widget_type=\"ceaaccordion.default\">\n\t\t\t\t\r\n\t\t<div class=\"elementor-widget-container cea-accordion-elementor-widget\" data-toggle=\"\">\r\n\t\t\t<div class=\"cea-accordions\" id=\"cea-accordion-1\"><div class=\"card cea-accordion\"><div class=\"card-header cea-accordion-header\"><a class=\"nav-item nav-link active\" href=\"#cea-accordion-1-1\"><span class=\"elementor-accordion-icon elementor-accordion-icon-right\" aria-hidden=\"true\"><span class=\"cea-accordion-icon-closed\"><i class=\" bi-arrow-up-right-circle\"><\/i><\/span><span class=\"cea-accordion-icon-opened\"><i class=\" bi-arrow-down-right-circle-fill\"><\/i><\/span><\/span>Si soy ciego o discapacitado, \u00bfpaga el gobierno federal beneficios por incapacidad?<\/a><\/div><!-- .card-header --><div class=\"cea-accordion-content active\" id=\"cea-accordion-1-1\"><div class=\"card-body\"><div class=\"cea-accordion-pane\"><p>La Administraci\u00f3n del Seguro Social tiene dos programas de beneficios por discapacidad para personas ciegas o discapacitadas: Seguro de Incapacidad del Seguro Social y Seguridad de Ingreso Suplementario.<\/p><p>Para ser elegible para los beneficios de SSDI. Los familiares de un trabajador asegurado tambi\u00e9n pueden calificar para SSDI.<\/p><\/div><\/div><!-- .card-body --><\/div><!-- .cea-accordion-content --><\/div><!-- .card --><div class=\"card cea-accordion\"><div class=\"card-header cea-accordion-header\"><a class=\"nav-item nav-link\" href=\"#cea-accordion-1-2\"><span class=\"elementor-accordion-icon elementor-accordion-icon-right\" aria-hidden=\"true\"><span class=\"cea-accordion-icon-closed\"><i class=\" bi-arrow-up-right-circle\"><\/i><\/span><span class=\"cea-accordion-icon-opened\"><i class=\" bi-arrow-down-right-circle-fill\"><\/i><\/span><\/span>\u00bfQu\u00e9 es el programa de Seguro por Incapacidad del Seguro Social y c\u00f3mo funciona?<\/a><\/div><!-- .card-header --><div class=\"cea-accordion-content\" id=\"cea-accordion-1-2\"><div class=\"card-body\"><div class=\"cea-accordion-pane\"><p>\u00a0<\/p><p>SSDI es un programa de beneficios para trabajadores que quedan discapacitados y no pueden trabajar antes de alcanzar la edad de jubilaci\u00f3n para cobrar los beneficios de jubilaci\u00f3n del Seguro Social. El SSDI se paga con los impuestos sobre la n\u00f3mina recaudados y retenidos en el Fondo Fiduciario del Seguro Social. Debe trabajar durante suficiente tiempo y recientemente en empleos en los que pag\u00f3 impuestos del Seguro Social sobre sus ingresos para ser elegible para los beneficios de SSDI. Los familiares de un trabajador asegurado tambi\u00e9n pueden calificar para SSDI.<\/p><\/div><\/div><!-- .card-body --><\/div><!-- .cea-accordion-content --><\/div><!-- .card --><div class=\"card cea-accordion\"><div class=\"card-header cea-accordion-header\"><a class=\"nav-item nav-link\" href=\"#cea-accordion-1-3\"><span class=\"elementor-accordion-icon elementor-accordion-icon-right\" aria-hidden=\"true\"><span class=\"cea-accordion-icon-closed\"><i class=\" bi-arrow-up-right-circle\"><\/i><\/span><span class=\"cea-accordion-icon-opened\"><i class=\" bi-arrow-down-right-circle-fill\"><\/i><\/span><\/span>\u00bfQu\u00e9 es el programa de Seguridad de Ingreso Suplementario?<\/a><\/div><!-- .card-header --><div class=\"cea-accordion-content\" id=\"cea-accordion-1-3\"><div class=\"card-body\"><div class=\"cea-accordion-pane\"><p>El programa SSI se cre\u00f3 para proporcionar dinero para alimentos, alojamiento y otras necesidades para personas ciegas, discapacitadas o de 65 a\u00f1os o m\u00e1s que no tienen ingresos o tienen ingresos y recursos muy limitados. No necesita un historial laboral para calificar para los beneficios de SSI. Algunos brindan pagos suplementarios y Medicaid a sus residentes que califican para beneficios federales de SSI.<\/p><\/div><\/div><!-- .card-body --><\/div><!-- .cea-accordion-content --><\/div><!-- .card --><div class=\"card cea-accordion\"><div class=\"card-header cea-accordion-header\"><a class=\"nav-item nav-link\" href=\"#cea-accordion-1-4\"><span class=\"elementor-accordion-icon elementor-accordion-icon-right\" aria-hidden=\"true\"><span class=\"cea-accordion-icon-closed\"><i class=\" bi-arrow-up-right-circle\"><\/i><\/span><span class=\"cea-accordion-icon-opened\"><i class=\" bi-arrow-down-right-circle-fill\"><\/i><\/span><\/span>\u00bfCu\u00e1ndo debo solicitar beneficios por incapacidad?<\/a><\/div><!-- .card-header --><div class=\"cea-accordion-content\" id=\"cea-accordion-1-4\"><div class=\"card-body\"><div class=\"cea-accordion-pane\"><p>Se necesita tiempo para procesar las solicitudes de SSDI y SSI, por lo que debe solicitar los beneficios tan pronto como cumpla con los requisitos de elegibilidad para uno o ambos programas.<\/p><\/div><\/div><!-- .card-body --><\/div><!-- .cea-accordion-content --><\/div><!-- .card --><div class=\"card cea-accordion\"><div class=\"card-header cea-accordion-header\"><a class=\"nav-item nav-link\" href=\"#cea-accordion-1-5\"><span class=\"elementor-accordion-icon elementor-accordion-icon-right\" aria-hidden=\"true\"><span class=\"cea-accordion-icon-closed\"><i class=\" bi-arrow-up-right-circle\"><\/i><\/span><span class=\"cea-accordion-icon-opened\"><i class=\" bi-arrow-down-right-circle-fill\"><\/i><\/span><\/span>\u00bfPuedo solicitar tanto SSI como SSDI?<\/a><\/div><!-- .card-header --><div class=\"cea-accordion-content\" id=\"cea-accordion-1-5\"><div class=\"card-body\"><div class=\"cea-accordion-pane\"><p>S\u00ed, puede solicitar y recibir beneficios a trav\u00e9s de ambos programas. Sin embargo, los beneficios que recibe del SSDI cuentan y reducen sus beneficios mensuales de SSI. Los expertos nacionales en discapacidad pueden explicarle la doble elegibilidad y determinar cu\u00e1nto podr\u00eda recibir.<\/p><\/div><\/div><!-- .card-body --><\/div><!-- .cea-accordion-content --><\/div><!-- .card --><div class=\"card cea-accordion\"><div class=\"card-header cea-accordion-header\"><a class=\"nav-item nav-link\" href=\"#cea-accordion-1-6\"><span class=\"elementor-accordion-icon elementor-accordion-icon-right\" aria-hidden=\"true\"><span class=\"cea-accordion-icon-closed\"><i class=\" bi-arrow-up-right-circle\"><\/i><\/span><span class=\"cea-accordion-icon-opened\"><i class=\" bi-arrow-down-right-circle-fill\"><\/i><\/span><\/span>\u00bfQu\u00e9 significa estar discapacitado para SSDI y SSI?<\/a><\/div><!-- .card-header --><div class=\"cea-accordion-content\" id=\"cea-accordion-1-6\"><div class=\"card-body\"><div class=\"cea-accordion-pane\"><p>El Seguro Social define \"discapacitado\" para SSDI y adultos a trav\u00e9s del programa SSI como la incapacidad de participar en una actividad lucrativa sustancial debido a un impedimento f\u00edsico o mental m\u00e9dicamente determinable que se espera que dure no menos de 12 meses o cause la muerte.<\/p><\/div><\/div><!-- .card-body --><\/div><!-- .cea-accordion-content --><\/div><!-- .card --><div class=\"card cea-accordion\"><div class=\"card-header cea-accordion-header\"><a class=\"nav-item nav-link\" href=\"#cea-accordion-1-7\"><span class=\"elementor-accordion-icon elementor-accordion-icon-right\" aria-hidden=\"true\"><span class=\"cea-accordion-icon-closed\"><i class=\" bi-arrow-up-right-circle\"><\/i><\/span><span class=\"cea-accordion-icon-opened\"><i class=\" bi-arrow-down-right-circle-fill\"><\/i><\/span><\/span>\u00bfQu\u00e9 se entiende por actividad lucrativa sustancial en la definici\u00f3n de discapacitado?<\/a><\/div><!-- .card-header --><div class=\"cea-accordion-content\" id=\"cea-accordion-1-7\"><div class=\"card-body\"><div class=\"cea-accordion-pane\"><p>La actividad lucrativa sustancial se refiere a aquellas actividades f\u00edsicas y mentales necesarias para el trabajo. En lugar de evaluar las actividades de cada solicitante, la Administraci\u00f3n del Seguro Social utiliza los ingresos mensuales para medir si las actividades de una persona son sustancialmente lucrativas. En 2024, el monto en d\u00f3lares por una actividad lucrativa sustancial ser\u00e1 de $1,550 mensuales. Son $2,590 por mes para una persona ciega.<\/p><\/div><\/div><!-- .card-body --><\/div><!-- .cea-accordion-content --><\/div><!-- .card --><div class=\"card cea-accordion\"><div class=\"card-header cea-accordion-header\"><a class=\"nav-item nav-link\" href=\"#cea-accordion-1-8\"><span class=\"elementor-accordion-icon elementor-accordion-icon-right\" aria-hidden=\"true\"><span class=\"cea-accordion-icon-closed\"><i class=\" bi-arrow-up-right-circle\"><\/i><\/span><span class=\"cea-accordion-icon-opened\"><i class=\" bi-arrow-down-right-circle-fill\"><\/i><\/span><\/span>\u00bfQu\u00e9 puedo hacer si se rechaza mi solicitud de SSDI o SSI?<\/a><\/div><!-- .card-header --><div class=\"cea-accordion-content\" id=\"cea-accordion-1-8\"><div class=\"card-body\"><div class=\"cea-accordion-pane\"><p><span class=\"TextRun  BCX2 SCXP123833355\" lang=\"EN-US\" xml:lang=\"EN-US\" data-usefontface=\"false\" data-contrast=\"none\"><span class=\"SpellingError  BCX2 SCXP123833355\">Tienes<\/span><\/span> derecho a apelar una denegaci\u00f3n de beneficios. Tiene solo 60 d\u00edas para presentar y preservar su derecho a impugnar una determinaci\u00f3n adversa.<\/p><p>El proceso de apelaci\u00f3n tiene cuatro niveles, comenzando con una solicitud de reconsideraci\u00f3n y continuando hasta el nivel de audiencia con una audiencia formal con un juez de derecho administrativo. Si el ALJ falla en su contra, puede solicitar una revisi\u00f3n por parte de un Consejo de Apelaciones, seguida de una apelaci\u00f3n ante un tribunal de distrito federal como acci\u00f3n civil.<\/p><\/div><\/div><!-- .card-body --><\/div><!-- .cea-accordion-content --><\/div><!-- .card --><div class=\"card cea-accordion\"><div class=\"card-header cea-accordion-header\"><a class=\"nav-item nav-link\" href=\"#cea-accordion-1-9\"><span class=\"elementor-accordion-icon elementor-accordion-icon-right\" aria-hidden=\"true\"><span class=\"cea-accordion-icon-closed\"><i class=\" bi-arrow-up-right-circle\"><\/i><\/span><span class=\"cea-accordion-icon-opened\"><i class=\" bi-arrow-down-right-circle-fill\"><\/i><\/span><\/span>\u00bfNecesito representaci\u00f3n para una apelaci\u00f3n?<\/a><\/div><!-- .card-header --><div class=\"cea-accordion-content\" id=\"cea-accordion-1-9\"><div class=\"card-body\"><div class=\"cea-accordion-pane\"><p>Seg\u00fan la Administraci\u00f3n del Seguro Social, las personas con representaci\u00f3n tienen tres veces m\u00e1s probabilidades de ganar una apelaci\u00f3n que aquellas que intentan representarse a s\u00ed mismas. Un abogado de discapacidad del Seguro Social o un defensor de la discapacidad tiene un conocimiento profundo de las leyes, regulaciones y procedimientos de discapacidad y sabe c\u00f3mo reunir y presentar pruebas para fortalecer un reclamo.<\/p><\/div><\/div><!-- .card-body --><\/div><!-- .cea-accordion-content --><\/div><!-- .card --><div class=\"card cea-accordion\"><div class=\"card-header cea-accordion-header\"><a class=\"nav-item nav-link\" href=\"#cea-accordion-1-10\"><span class=\"elementor-accordion-icon elementor-accordion-icon-right\" aria-hidden=\"true\"><span class=\"cea-accordion-icon-closed\"><i class=\" bi-arrow-up-right-circle\"><\/i><\/span><span class=\"cea-accordion-icon-opened\"><i class=\" bi-arrow-down-right-circle-fill\"><\/i><\/span><\/span>\u00bfCu\u00e1nto cuesta que alguien me represente en una apelaci\u00f3n por discapacidad?<\/a><\/div><!-- .card-header --><div class=\"cea-accordion-content\" id=\"cea-accordion-1-10\"><div class=\"card-body\"><div class=\"cea-accordion-pane\"><p>Las regulaciones federales lo protegen al controlar los honorarios cobrados por los abogados y defensores de discapacidad. Las tarifas se pagan sobre una base de contingencia, lo que significa que usted no paga nada a menos que gane su apelaci\u00f3n. Las tarifas son el 25% de los pagos atrasados \u200b\u200bque se le adeudan o $7,200, lo que sea menor. El Seguro Social permite diferentes arreglos de tarifas para apelaciones ante tribunales federales.<\/p><\/div><\/div><!-- .card-body --><\/div><!-- .cea-accordion-content --><\/div><!-- .card --><\/div>\t\t\t\r\n\t\t<\/div>\r\n\t\t\t\t<\/div>\n\t\t\t\t\t<\/div>\n\t\t<\/div>\n\t\t\t\t<div class=\"elementor-column elementor-col-33 elementor-inner-column elementor-element elementor-element-4cac359\" data-id=\"4cac359\" data-element_type=\"column\">\n\t\t\t<div class=\"elementor-widget-wrap\">\n\t\t\t\t\t\t\t<\/div>\n\t\t<\/div>\n\t\t\t\t\t<\/div>\n\t\t<\/section>\n\t\t\t\t\t<\/div>\n\t\t<\/div>\n\t\t\t\t\t<\/div>\n\t\t<\/section>\n\t\t\t\t<\/div>\n\t\t","protected":false},"excerpt":{"rendered":"<p>\u00bfC\u00d3MO\u200b PODEMOS AYUDARTE? Preguntas frecuentes sobre la incapacidad del Seguro Social Si soy ciego o discapacitado, \u00bfpaga el gobierno federal..<\/p>\n","protected":false},"author":1,"featured_media":0,"parent":0,"menu_order":0,"comment_status":"closed","ping_status":"closed","template":"","meta":{"footnotes":""},"class_list":["post-27967","page","type-page","status-publish","hentry"],"yoast_head":"<!-- This site is optimized with the Yoast SEO plugin v23.2 - https:\/\/yoast.com\/wordpress\/plugins\/seo\/ -->\n<title>Preguntas frecuentes (FAQ) - Respuestas a tu reclamo de discapacidad<\/title>\n<meta name=\"description\" content=\"Explora nuestra secci\u00f3n completa de preguntas frecuentes (FAQ) para encontrar respuestas a preguntas comunes sobre reclamos de discapacidad. National Disability Experts est\u00e1 aqu\u00ed para proporcionarte la informaci\u00f3n que necesitas para navegar el proceso con \u00e9xito.\" \/>\n<meta name=\"robots\" content=\"index, follow, max-snippet:-1, max-image-preview:large, max-video-preview:-1\" \/>\n<link rel=\"canonical\" href=\"https:\/\/www.nationaldisabilityexperts.com\/es\/preguntas-frecuentes\/\" \/>\n<meta property=\"og:locale\" content=\"en_US\" \/>\n<meta property=\"og:type\" content=\"article\" \/>\n<meta property=\"og:title\" content=\"Preguntas frecuentes (FAQ) - Respuestas a tu reclamo de discapacidad\" \/>\n<meta property=\"og:description\" content=\"Explora nuestra secci\u00f3n completa de preguntas frecuentes (FAQ) para encontrar respuestas a preguntas comunes sobre reclamos de discapacidad. National Disability Experts est\u00e1 aqu\u00ed para proporcionarte la informaci\u00f3n que necesitas para navegar el proceso con \u00e9xito.\" \/>\n<meta property=\"og:url\" content=\"https:\/\/www.nationaldisabilityexperts.com\/es\/preguntas-frecuentes\/\" \/>\n<meta property=\"og:site_name\" content=\"National Disability\" \/>\n<meta property=\"article:modified_time\" content=\"2024-08-13T12:22:50+00:00\" \/>\n<meta name=\"twitter:card\" content=\"summary_large_image\" \/>\n<meta name=\"twitter:label1\" content=\"Est. reading time\" \/>\n\t<meta name=\"twitter:data1\" content=\"4 minutes\" \/>\n<script type=\"application\/ld+json\" class=\"yoast-schema-graph\">{\"@context\":\"https:\/\/schema.org\",\"@graph\":[{\"@type\":\"WebPage\",\"@id\":\"https:\/\/www.nationaldisabilityexperts.com\/es\/preguntas-frecuentes\/\",\"url\":\"https:\/\/www.nationaldisabilityexperts.com\/es\/preguntas-frecuentes\/\",\"name\":\"Preguntas frecuentes (FAQ) - Respuestas a tu reclamo de discapacidad\",\"isPartOf\":{\"@id\":\"https:\/\/www.nationaldisabilityexperts.com\/es\/#website\"},\"datePublished\":\"2023-02-09T05:20:47+00:00\",\"dateModified\":\"2024-08-13T12:22:50+00:00\",\"description\":\"Explora nuestra secci\u00f3n completa de preguntas frecuentes (FAQ) para encontrar respuestas a preguntas comunes sobre reclamos de discapacidad. National Disability Experts est\u00e1 aqu\u00ed para proporcionarte la informaci\u00f3n que necesitas para navegar el proceso con \u00e9xito.\",\"breadcrumb\":{\"@id\":\"https:\/\/www.nationaldisabilityexperts.com\/es\/preguntas-frecuentes\/#breadcrumb\"},\"inLanguage\":\"en-US\",\"potentialAction\":[{\"@type\":\"ReadAction\",\"target\":[\"https:\/\/www.nationaldisabilityexperts.com\/es\/preguntas-frecuentes\/\"]}]},{\"@type\":\"BreadcrumbList\",\"@id\":\"https:\/\/www.nationaldisabilityexperts.com\/es\/preguntas-frecuentes\/#breadcrumb\",\"itemListElement\":[{\"@type\":\"ListItem\",\"position\":1,\"name\":\"Home\",\"item\":\"https:\/\/www.nationaldisabilityexperts.com\/es\/\"},{\"@type\":\"ListItem\",\"position\":2,\"name\":\"Preguntas frecuentes\"}]},{\"@type\":\"WebSite\",\"@id\":\"https:\/\/www.nationaldisabilityexperts.com\/es\/#website\",\"url\":\"https:\/\/www.nationaldisabilityexperts.com\/es\/\",\"name\":\"National Disability\",\"description\":\"\",\"publisher\":{\"@id\":\"https:\/\/www.nationaldisabilityexperts.com\/es\/#organization\"},\"potentialAction\":[{\"@type\":\"SearchAction\",\"target\":{\"@type\":\"EntryPoint\",\"urlTemplate\":\"https:\/\/www.nationaldisabilityexperts.com\/es\/?s={search_term_string}\"},\"query-input\":\"required name=search_term_string\"}],\"inLanguage\":\"en-US\"},{\"@type\":\"Organization\",\"@id\":\"https:\/\/www.nationaldisabilityexperts.com\/es\/#organization\",\"name\":\"National Disability\",\"url\":\"https:\/\/www.nationaldisabilityexperts.com\/es\/\",\"logo\":{\"@type\":\"ImageObject\",\"inLanguage\":\"en-US\",\"@id\":\"https:\/\/www.nationaldisabilityexperts.com\/es\/#\/schema\/logo\/image\/\",\"url\":\"https:\/\/www.nationaldisabilityexperts.com\/es\/wp-content\/uploads\/2024\/02\/cropped-logo.png\",\"contentUrl\":\"https:\/\/www.nationaldisabilityexperts.com\/es\/wp-content\/uploads\/2024\/02\/cropped-logo.png\",\"width\":1169,\"height\":374,\"caption\":\"National Disability\"},\"image\":{\"@id\":\"https:\/\/www.nationaldisabilityexperts.com\/es\/#\/schema\/logo\/image\/\"}}]}<\/script>\n<!-- \/ Yoast SEO plugin. -->","yoast_head_json":{"title":"Preguntas frecuentes (FAQ) - Respuestas a tu reclamo de discapacidad","description":"Explora nuestra secci\u00f3n completa de preguntas frecuentes (FAQ) para encontrar respuestas a preguntas comunes sobre reclamos de discapacidad. National Disability Experts est\u00e1 aqu\u00ed para proporcionarte la informaci\u00f3n que necesitas para navegar el proceso con \u00e9xito.","robots":{"index":"index","follow":"follow","max-snippet":"max-snippet:-1","max-image-preview":"max-image-preview:large","max-video-preview":"max-video-preview:-1"},"canonical":"https:\/\/www.nationaldisabilityexperts.com\/es\/preguntas-frecuentes\/","og_locale":"en_US","og_type":"article","og_title":"Preguntas frecuentes (FAQ) - Respuestas a tu reclamo de discapacidad","og_description":"Explora nuestra secci\u00f3n completa de preguntas frecuentes (FAQ) para encontrar respuestas a preguntas comunes sobre reclamos de discapacidad. National Disability Experts est\u00e1 aqu\u00ed para proporcionarte la informaci\u00f3n que necesitas para navegar el proceso con \u00e9xito.","og_url":"https:\/\/www.nationaldisabilityexperts.com\/es\/preguntas-frecuentes\/","og_site_name":"National Disability","article_modified_time":"2024-08-13T12:22:50+00:00","twitter_card":"summary_large_image","twitter_misc":{"Est. reading time":"4 minutes"},"schema":{"@context":"https:\/\/schema.org","@graph":[{"@type":"WebPage","@id":"https:\/\/www.nationaldisabilityexperts.com\/es\/preguntas-frecuentes\/","url":"https:\/\/www.nationaldisabilityexperts.com\/es\/preguntas-frecuentes\/","name":"Preguntas frecuentes (FAQ) - Respuestas a tu reclamo de discapacidad","isPartOf":{"@id":"https:\/\/www.nationaldisabilityexperts.com\/es\/#website"},"datePublished":"2023-02-09T05:20:47+00:00","dateModified":"2024-08-13T12:22:50+00:00","description":"Explora nuestra secci\u00f3n completa de preguntas frecuentes (FAQ) para encontrar respuestas a preguntas comunes sobre reclamos de discapacidad. National Disability Experts est\u00e1 aqu\u00ed para proporcionarte la informaci\u00f3n que necesitas para navegar el proceso con \u00e9xito.","breadcrumb":{"@id":"https:\/\/www.nationaldisabilityexperts.com\/es\/preguntas-frecuentes\/#breadcrumb"},"inLanguage":"en-US","potentialAction":[{"@type":"ReadAction","target":["https:\/\/www.nationaldisabilityexperts.com\/es\/preguntas-frecuentes\/"]}]},{"@type":"BreadcrumbList","@id":"https:\/\/www.nationaldisabilityexperts.com\/es\/preguntas-frecuentes\/#breadcrumb","itemListElement":[{"@type":"ListItem","position":1,"name":"Home","item":"https:\/\/www.nationaldisabilityexperts.com\/es\/"},{"@type":"ListItem","position":2,"name":"Preguntas frecuentes"}]},{"@type":"WebSite","@id":"https:\/\/www.nationaldisabilityexperts.com\/es\/#website","url":"https:\/\/www.nationaldisabilityexperts.com\/es\/","name":"National Disability","description":"","publisher":{"@id":"https:\/\/www.nationaldisabilityexperts.com\/es\/#organization"},"potentialAction":[{"@type":"SearchAction","target":{"@type":"EntryPoint","urlTemplate":"https:\/\/www.nationaldisabilityexperts.com\/es\/?s={search_term_string}"},"query-input":"required name=search_term_string"}],"inLanguage":"en-US"},{"@type":"Organization","@id":"https:\/\/www.nationaldisabilityexperts.com\/es\/#organization","name":"National Disability","url":"https:\/\/www.nationaldisabilityexperts.com\/es\/","logo":{"@type":"ImageObject","inLanguage":"en-US","@id":"https:\/\/www.nationaldisabilityexperts.com\/es\/#\/schema\/logo\/image\/","url":"https:\/\/www.nationaldisabilityexperts.com\/es\/wp-content\/uploads\/2024\/02\/cropped-logo.png","contentUrl":"https:\/\/www.nationaldisabilityexperts.com\/es\/wp-content\/uploads\/2024\/02\/cropped-logo.png","width":1169,"height":374,"caption":"National Disability"},"image":{"@id":"https:\/\/www.nationaldisabilityexperts.com\/es\/#\/schema\/logo\/image\/"}}]}},"_links":{"self":[{"href":"https:\/\/www.nationaldisabilityexperts.com\/es\/wp-json\/wp\/v2\/pages\/27967"}],"collection":[{"href":"https:\/\/www.nationaldisabilityexperts.com\/es\/wp-json\/wp\/v2\/pages"}],"about":[{"href":"https:\/\/www.nationaldisabilityexperts.com\/es\/wp-json\/wp\/v2\/types\/page"}],"author":[{"embeddable":true,"href":"https:\/\/www.nationaldisabilityexperts.com\/es\/wp-json\/wp\/v2\/users\/1"}],"replies":[{"embeddable":true,"href":"https:\/\/www.nationaldisabilityexperts.com\/es\/wp-json\/wp\/v2\/comments?post=27967"}],"version-history":[{"count":46,"href":"https:\/\/www.nationaldisabilityexperts.com\/es\/wp-json\/wp\/v2\/pages\/27967\/revisions"}],"predecessor-version":[{"id":36520,"href":"https:\/\/www.nationaldisabilityexperts.com\/es\/wp-json\/wp\/v2\/pages\/27967\/revisions\/36520"}],"wp:attachment":[{"href":"https:\/\/www.nationaldisabilityexperts.com\/es\/wp-json\/wp\/v2\/media?parent=27967"}],"curies":[{"name":"wp","href":"https:\/\/api.w.org\/{rel}","templated":true}]}}