{"id":35343,"date":"2024-03-15T12:24:23","date_gmt":"2024-03-15T12:24:23","guid":{"rendered":"http:\/\/druginjuryhelp.biz\/national-disability\/?page_id=35343"},"modified":"2024-08-13T12:21:36","modified_gmt":"2024-08-13T12:21:36","slug":"mision-y-valores","status":"publish","type":"page","link":"https:\/\/www.nationaldisabilityexperts.com\/es\/mision-y-valores\/","title":{"rendered":"Misi\u00f3n y Valores"},"content":{"rendered":"\t\t<div data-elementor-type=\"wp-page\" data-elementor-id=\"35343\" class=\"elementor elementor-35343\">\n\t\t\t\t\t\t<section class=\"elementor-section elementor-top-section elementor-element elementor-element-42fba68 elementor-section-stretched elementor-section-content-middle elementor-section-boxed elementor-section-height-default elementor-section-height-default\" data-id=\"42fba68\" data-element_type=\"section\" data-settings=\"{&quot;stretch_section&quot;:&quot;section-stretched&quot;,&quot;background_background&quot;:&quot;classic&quot;}\">\n\t\t\t\t\t\t\t<div class=\"elementor-background-overlay\"><\/div>\n\t\t\t\t\t\t\t<div class=\"elementor-container elementor-column-gap-default\">\n\t\t\t\t\t<div class=\"elementor-column elementor-col-100 elementor-top-column elementor-element elementor-element-132203da\" data-id=\"132203da\" data-element_type=\"column\" data-settings=\"{&quot;background_background&quot;:&quot;classic&quot;}\">\n\t\t\t<div class=\"elementor-widget-wrap elementor-element-populated\">\n\t\t\t\t\t<div class=\"elementor-background-overlay\"><\/div>\n\t\t\t\t\t\t<section class=\"elementor-section elementor-inner-section elementor-element elementor-element-c0dd1c2 elementor-section-boxed elementor-section-height-default elementor-section-height-default\" data-id=\"c0dd1c2\" data-element_type=\"section\">\n\t\t\t\t\t\t<div class=\"elementor-container elementor-column-gap-default\">\n\t\t\t\t\t<div class=\"elementor-column elementor-col-100 elementor-inner-column elementor-element elementor-element-7c5a5cfd\" data-id=\"7c5a5cfd\" data-element_type=\"column\">\n\t\t\t<div class=\"elementor-widget-wrap elementor-element-populated\">\n\t\t\t\t\t\t<div class=\"elementor-element elementor-element-2a2a630 animated-fast cea-tablet-align-center cea-align-left elementor-invisible elementor-widget elementor-widget-ceasectiontitle\" data-id=\"2a2a630\" data-element_type=\"widget\" data-settings=\"{&quot;_animation&quot;:&quot;fadeInUp&quot;}\" data-widget_type=\"ceasectiontitle.default\">\n\t\t\t\t<div class=\"elementor-widget-container\">\n\t\t\t<div class=\"section-title-wrapper\"><div class=\"title-wrap\"><div class=\"sub-title\"><span class=\"subtitle-dots\">Historia de los expertos nacionales en discapacidad<\/span><\/div><h2 class=\"section-title\">Nuestra misi\u00f3n<\/h2><\/div><!-- .title-wrap --><div class=\"section-description\"><\/div><!-- .section-description --><\/div><!-- .section-title-wrapper -->\t\t<\/div>\n\t\t\t\t<\/div>\n\t\t\t\t<div class=\"elementor-element elementor-element-af1404a elementor-widget elementor-widget-text-editor\" data-id=\"af1404a\" data-element_type=\"widget\" data-widget_type=\"text-editor.default\">\n\t\t\t\t<div class=\"elementor-widget-container\">\n\t\t\t<style>\/*! elementor - v3.23.0 - 05-08-2024 *\/\n.elementor-widget-text-editor.elementor-drop-cap-view-stacked .elementor-drop-cap{background-color:#69727d;color:#fff}.elementor-widget-text-editor.elementor-drop-cap-view-framed .elementor-drop-cap{color:#69727d;border:3px solid;background-color:transparent}.elementor-widget-text-editor:not(.elementor-drop-cap-view-default) .elementor-drop-cap{margin-top:8px}.elementor-widget-text-editor:not(.elementor-drop-cap-view-default) .elementor-drop-cap-letter{width:1em;height:1em}.elementor-widget-text-editor .elementor-drop-cap{float:left;text-align:center;line-height:1;font-size:50px}.elementor-widget-text-editor .elementor-drop-cap-letter{display:inline-block}<\/style>\t\t\t\t<p>&#8220;Complicado&#8221;, &#8220;frustrante&#8221; y &#8220;confuso&#8221; pueden ser palabras que escuche a la gente cuando describen la discapacidad del Seguro Social, pero no las escuchar\u00e1 entre los Expertos Nacionales en Discapacidad. Nuestro objetivo es simplificar el proceso y hacerlo funcionar para usted.<\/p><p>Entendemos lo que se necesita para calificar para los beneficios a trav\u00e9s de los programas de Seguro de Incapacidad del Seguro Social y de Seguridad de Ingreso Suplementario, por lo que no es complicado ni confuso para nosotros. Estamos aqu\u00ed para utilizar nuestro conocimiento y experiencia para brindarle los beneficios, necesarios para aliviar el estr\u00e9s financiero y hacerle la vida m\u00e1s f\u00e1cil.<\/p><p>Nuestra misi\u00f3n es simple: mantenernos enfocados en sus necesidades y dedicar todos los recursos de los expertos nacionales en discapacidad para lograrlas por usted. La gente acude a nosotros porque se niega a renunciar a un sistema que puede parecer que est\u00e1 en su contra. Nuestro objetivo es hacer que ese sistema funcione para ellos brind\u00e1ndoles los beneficios necesarios para superar los desaf\u00edos financieros causados \u200b\u200bpor las condiciones m\u00e9dicas incapacitantes.<\/p><p>National Disability Experts es un equipo de profesionales que poseen los recursos y el compromiso para marcar una diferencia en las vidas de las personas que acuden a nosotros en busca de ayuda. No nos tomamos a la ligera el hecho de que nuestros clientes conf\u00eden en nosotros. La confianza es importante para nosotros, por eso nos esforzamos desde el primer momento en que lo conocemos para ganarnos la suya, brind\u00e1ndole un servicio excepcional y una representaci\u00f3n de alta calidad. Conf\u00edas en nosotros para hacer el trabajo y eso es algo que nunca tomamos a la ligera.<\/p><p>Ya sea que necesite ayuda con una solicitud de beneficios por incapacidad, para presentar una apelaci\u00f3n o simplemente necesite informaci\u00f3n sobre los beneficios que pueden estar disponibles para usted, National Disability Experts quiere ser el lugar al que acudir.<\/p>\t\t\t\t\t\t<\/div>\n\t\t\t\t<\/div>\n\t\t\t\t\t<\/div>\n\t\t<\/div>\n\t\t\t\t\t<\/div>\n\t\t<\/section>\n\t\t\t\t\t<\/div>\n\t\t<\/div>\n\t\t\t\t\t<\/div>\n\t\t<\/section>\n\t\t\t\t<\/div>\n\t\t","protected":false},"excerpt":{"rendered":"<p>Historia de los expertos nacionales en discapacidad Nuestra misi\u00f3n &#8220;Complicado&#8221;, &#8220;frustrante&#8221; y &#8220;confuso&#8221; pueden ser palabras que escuche a la..<\/p>\n","protected":false},"author":1,"featured_media":0,"parent":0,"menu_order":0,"comment_status":"closed","ping_status":"closed","template":"","meta":{"footnotes":""},"class_list":["post-35343","page","type-page","status-publish","hentry"],"yoast_head":"<!-- This site is optimized with the Yoast SEO plugin v23.2 - https:\/\/yoast.com\/wordpress\/plugins\/seo\/ -->\n<title>Nuestra Misi\u00f3n y Valores - Principios Rectores para el \u00c9xito del Cliente<\/title>\n<meta name=\"description\" content=\"Conozca la misi\u00f3n y los valores de National Disability Experts, que gu\u00edan nuestro compromiso de brindar un servicio y apoyo excepcionales a los clientes que buscan beneficios por discapacidad.\" \/>\n<meta name=\"robots\" content=\"index, follow, max-snippet:-1, max-image-preview:large, max-video-preview:-1\" \/>\n<link rel=\"canonical\" href=\"https:\/\/www.nationaldisabilityexperts.com\/es\/mision-y-valores\/\" \/>\n<meta property=\"og:locale\" content=\"en_US\" \/>\n<meta property=\"og:type\" content=\"article\" \/>\n<meta property=\"og:title\" content=\"Nuestra Misi\u00f3n y Valores - Principios Rectores para el \u00c9xito del Cliente\" \/>\n<meta property=\"og:description\" content=\"Conozca la misi\u00f3n y los valores de National Disability Experts, que gu\u00edan nuestro compromiso de brindar un servicio y apoyo excepcionales a los clientes que buscan beneficios por discapacidad.\" \/>\n<meta property=\"og:url\" content=\"https:\/\/www.nationaldisabilityexperts.com\/es\/mision-y-valores\/\" \/>\n<meta property=\"og:site_name\" content=\"National Disability\" \/>\n<meta property=\"article:modified_time\" content=\"2024-08-13T12:21:36+00:00\" \/>\n<meta name=\"twitter:card\" content=\"summary_large_image\" \/>\n<meta name=\"twitter:label1\" content=\"Est. reading time\" \/>\n\t<meta name=\"twitter:data1\" content=\"2 minutes\" \/>\n<script type=\"application\/ld+json\" class=\"yoast-schema-graph\">{\"@context\":\"https:\/\/schema.org\",\"@graph\":[{\"@type\":\"WebPage\",\"@id\":\"https:\/\/www.nationaldisabilityexperts.com\/es\/mision-y-valores\/\",\"url\":\"https:\/\/www.nationaldisabilityexperts.com\/es\/mision-y-valores\/\",\"name\":\"Nuestra Misi\u00f3n y Valores - Principios Rectores para el \u00c9xito del Cliente\",\"isPartOf\":{\"@id\":\"https:\/\/www.nationaldisabilityexperts.com\/es\/#website\"},\"datePublished\":\"2024-03-15T12:24:23+00:00\",\"dateModified\":\"2024-08-13T12:21:36+00:00\",\"description\":\"Conozca la misi\u00f3n y los valores de National Disability Experts, que gu\u00edan nuestro compromiso de brindar un servicio y apoyo excepcionales a los clientes que buscan beneficios por discapacidad.\",\"breadcrumb\":{\"@id\":\"https:\/\/www.nationaldisabilityexperts.com\/es\/mision-y-valores\/#breadcrumb\"},\"inLanguage\":\"en-US\",\"potentialAction\":[{\"@type\":\"ReadAction\",\"target\":[\"https:\/\/www.nationaldisabilityexperts.com\/es\/mision-y-valores\/\"]}]},{\"@type\":\"BreadcrumbList\",\"@id\":\"https:\/\/www.nationaldisabilityexperts.com\/es\/mision-y-valores\/#breadcrumb\",\"itemListElement\":[{\"@type\":\"ListItem\",\"position\":1,\"name\":\"Home\",\"item\":\"https:\/\/www.nationaldisabilityexperts.com\/es\/\"},{\"@type\":\"ListItem\",\"position\":2,\"name\":\"Misi\u00f3n y Valores\"}]},{\"@type\":\"WebSite\",\"@id\":\"https:\/\/www.nationaldisabilityexperts.com\/es\/#website\",\"url\":\"https:\/\/www.nationaldisabilityexperts.com\/es\/\",\"name\":\"National Disability\",\"description\":\"\",\"publisher\":{\"@id\":\"https:\/\/www.nationaldisabilityexperts.com\/es\/#organization\"},\"potentialAction\":[{\"@type\":\"SearchAction\",\"target\":{\"@type\":\"EntryPoint\",\"urlTemplate\":\"https:\/\/www.nationaldisabilityexperts.com\/es\/?s={search_term_string}\"},\"query-input\":\"required name=search_term_string\"}],\"inLanguage\":\"en-US\"},{\"@type\":\"Organization\",\"@id\":\"https:\/\/www.nationaldisabilityexperts.com\/es\/#organization\",\"name\":\"National Disability\",\"url\":\"https:\/\/www.nationaldisabilityexperts.com\/es\/\",\"logo\":{\"@type\":\"ImageObject\",\"inLanguage\":\"en-US\",\"@id\":\"https:\/\/www.nationaldisabilityexperts.com\/es\/#\/schema\/logo\/image\/\",\"url\":\"https:\/\/www.nationaldisabilityexperts.com\/es\/wp-content\/uploads\/2024\/02\/cropped-logo.png\",\"contentUrl\":\"https:\/\/www.nationaldisabilityexperts.com\/es\/wp-content\/uploads\/2024\/02\/cropped-logo.png\",\"width\":1169,\"height\":374,\"caption\":\"National Disability\"},\"image\":{\"@id\":\"https:\/\/www.nationaldisabilityexperts.com\/es\/#\/schema\/logo\/image\/\"}}]}<\/script>\n<!-- \/ Yoast SEO plugin. -->","yoast_head_json":{"title":"Nuestra Misi\u00f3n y Valores - Principios Rectores para el \u00c9xito del Cliente","description":"Conozca la misi\u00f3n y los valores de National Disability Experts, que gu\u00edan nuestro compromiso de brindar un servicio y apoyo excepcionales a los clientes que buscan beneficios por discapacidad.","robots":{"index":"index","follow":"follow","max-snippet":"max-snippet:-1","max-image-preview":"max-image-preview:large","max-video-preview":"max-video-preview:-1"},"canonical":"https:\/\/www.nationaldisabilityexperts.com\/es\/mision-y-valores\/","og_locale":"en_US","og_type":"article","og_title":"Nuestra Misi\u00f3n y Valores - Principios Rectores para el \u00c9xito del Cliente","og_description":"Conozca la misi\u00f3n y los valores de National Disability Experts, que gu\u00edan nuestro compromiso de brindar un servicio y apoyo excepcionales a los clientes que buscan beneficios por discapacidad.","og_url":"https:\/\/www.nationaldisabilityexperts.com\/es\/mision-y-valores\/","og_site_name":"National Disability","article_modified_time":"2024-08-13T12:21:36+00:00","twitter_card":"summary_large_image","twitter_misc":{"Est. reading time":"2 minutes"},"schema":{"@context":"https:\/\/schema.org","@graph":[{"@type":"WebPage","@id":"https:\/\/www.nationaldisabilityexperts.com\/es\/mision-y-valores\/","url":"https:\/\/www.nationaldisabilityexperts.com\/es\/mision-y-valores\/","name":"Nuestra Misi\u00f3n y Valores - Principios Rectores para el \u00c9xito del Cliente","isPartOf":{"@id":"https:\/\/www.nationaldisabilityexperts.com\/es\/#website"},"datePublished":"2024-03-15T12:24:23+00:00","dateModified":"2024-08-13T12:21:36+00:00","description":"Conozca la misi\u00f3n y los valores de National Disability Experts, que gu\u00edan nuestro compromiso de brindar un servicio y apoyo excepcionales a los clientes que buscan beneficios por discapacidad.","breadcrumb":{"@id":"https:\/\/www.nationaldisabilityexperts.com\/es\/mision-y-valores\/#breadcrumb"},"inLanguage":"en-US","potentialAction":[{"@type":"ReadAction","target":["https:\/\/www.nationaldisabilityexperts.com\/es\/mision-y-valores\/"]}]},{"@type":"BreadcrumbList","@id":"https:\/\/www.nationaldisabilityexperts.com\/es\/mision-y-valores\/#breadcrumb","itemListElement":[{"@type":"ListItem","position":1,"name":"Home","item":"https:\/\/www.nationaldisabilityexperts.com\/es\/"},{"@type":"ListItem","position":2,"name":"Misi\u00f3n y Valores"}]},{"@type":"WebSite","@id":"https:\/\/www.nationaldisabilityexperts.com\/es\/#website","url":"https:\/\/www.nationaldisabilityexperts.com\/es\/","name":"National Disability","description":"","publisher":{"@id":"https:\/\/www.nationaldisabilityexperts.com\/es\/#organization"},"potentialAction":[{"@type":"SearchAction","target":{"@type":"EntryPoint","urlTemplate":"https:\/\/www.nationaldisabilityexperts.com\/es\/?s={search_term_string}"},"query-input":"required name=search_term_string"}],"inLanguage":"en-US"},{"@type":"Organization","@id":"https:\/\/www.nationaldisabilityexperts.com\/es\/#organization","name":"National Disability","url":"https:\/\/www.nationaldisabilityexperts.com\/es\/","logo":{"@type":"ImageObject","inLanguage":"en-US","@id":"https:\/\/www.nationaldisabilityexperts.com\/es\/#\/schema\/logo\/image\/","url":"https:\/\/www.nationaldisabilityexperts.com\/es\/wp-content\/uploads\/2024\/02\/cropped-logo.png","contentUrl":"https:\/\/www.nationaldisabilityexperts.com\/es\/wp-content\/uploads\/2024\/02\/cropped-logo.png","width":1169,"height":374,"caption":"National Disability"},"image":{"@id":"https:\/\/www.nationaldisabilityexperts.com\/es\/#\/schema\/logo\/image\/"}}]}},"_links":{"self":[{"href":"https:\/\/www.nationaldisabilityexperts.com\/es\/wp-json\/wp\/v2\/pages\/35343"}],"collection":[{"href":"https:\/\/www.nationaldisabilityexperts.com\/es\/wp-json\/wp\/v2\/pages"}],"about":[{"href":"https:\/\/www.nationaldisabilityexperts.com\/es\/wp-json\/wp\/v2\/types\/page"}],"author":[{"embeddable":true,"href":"https:\/\/www.nationaldisabilityexperts.com\/es\/wp-json\/wp\/v2\/users\/1"}],"replies":[{"embeddable":true,"href":"https:\/\/www.nationaldisabilityexperts.com\/es\/wp-json\/wp\/v2\/comments?post=35343"}],"version-history":[{"count":41,"href":"https:\/\/www.nationaldisabilityexperts.com\/es\/wp-json\/wp\/v2\/pages\/35343\/revisions"}],"predecessor-version":[{"id":36474,"href":"https:\/\/www.nationaldisabilityexperts.com\/es\/wp-json\/wp\/v2\/pages\/35343\/revisions\/36474"}],"wp:attachment":[{"href":"https:\/\/www.nationaldisabilityexperts.com\/es\/wp-json\/wp\/v2\/media?parent=35343"}],"curies":[{"name":"wp","href":"https:\/\/api.w.org\/{rel}","templated":true}]}}